{"id":2496,"date":"2026-01-13T19:51:59","date_gmt":"2026-01-13T19:51:59","guid":{"rendered":"https:\/\/sotpost.com\/?page_id=2496"},"modified":"2026-01-13T19:52:00","modified_gmt":"2026-01-13T19:52:00","slug":"about-us","status":"publish","type":"page","link":"https:\/\/sotpost.com\/?page_id=2496","title":{"rendered":"About Us"},"content":{"rendered":"\n<p><strong>Welcome to SotPost.com!<\/strong><\/p>\n\n\n\n<p>SotPost.com \u00ebsht\u00eb nj\u00eb portal lajmesh i fokusuar n\u00eb <strong>informimin e komunitetit shqiptar<\/strong> p\u00ebr lajmet m\u00eb t\u00eb fundit lokale, komb\u00ebtare dhe nd\u00ebrkomb\u00ebtare. Ne mbulojm\u00eb fusha t\u00eb ndryshme, p\u00ebrfshir\u00eb:<\/p>\n\n\n\n<ul class=\"wp-block-list\">\n<li><strong>Lajme lokale dhe politike<\/strong><\/li>\n\n\n\n<li><strong>Ekonomi dhe biznes<\/strong><\/li>\n\n\n\n<li><strong>Kultur\u00eb, art dhe sport<\/strong><\/li>\n\n\n\n<li><strong>Analiza dhe opinion publik<\/strong><\/li>\n<\/ul>\n\n\n\n<p>Misioni yn\u00eb \u00ebsht\u00eb t\u00eb ofrojm\u00eb p\u00ebrmbajtje <strong>t\u00eb sakt\u00eb, origjinale dhe t\u00eb dobishme<\/strong>, duke i mund\u00ebsuar lexuesve tan\u00eb t\u00eb jen\u00eb gjithmon\u00eb t\u00eb informuar.<\/p>\n\n\n\n<p>Ne besojm\u00eb n\u00eb <strong>integritetin dhe cil\u00ebsin\u00eb<\/strong> e informacionit, dhe p\u00ebrpiqemi q\u00eb faqja jon\u00eb t\u00eb jet\u00eb nj\u00eb burim i besuesh\u00ebm p\u00ebr komunitetin shqiptar dhe diaspor\u00ebn.<\/p>\n\n\n\n<p><strong>Kontakti:<\/strong><br>Email: <a>info@sotpost.com<\/a><br>Website: <a href=\"https:\/\/sotpost.com\">https:\/\/sotpost.com<\/a><\/p>\n\n\n\n<p><\/p>\n","protected":false},"excerpt":{"rendered":"Welcome to SotPost.com! SotPost.com \u00ebsht\u00eb nj\u00eb portal lajmesh i fokusuar n\u00eb informimin e komunitetit shqiptar p\u00ebr lajmet m\u00eb&hellip;\n","protected":false},"author":2,"featured_media":0,"parent":0,"menu_order":0,"comment_status":"closed","ping_status":"closed","template":"","meta":{"footnotes":""},"class_list":{"0":"post-2496","1":"page","2":"type-page","3":"status-publish","5":"cs-entry","6":"cs-video-wrap"},"_links":{"self":[{"href":"https:\/\/sotpost.com\/index.php?rest_route=\/wp\/v2\/pages\/2496","targetHints":{"allow":["GET"]}}],"collection":[{"href":"https:\/\/sotpost.com\/index.php?rest_route=\/wp\/v2\/pages"}],"about":[{"href":"https:\/\/sotpost.com\/index.php?rest_route=\/wp\/v2\/types\/page"}],"author":[{"embeddable":true,"href":"https:\/\/sotpost.com\/index.php?rest_route=\/wp\/v2\/users\/2"}],"replies":[{"embeddable":true,"href":"https:\/\/sotpost.com\/index.php?rest_route=%2Fwp%2Fv2%2Fcomments&post=2496"}],"version-history":[{"count":0,"href":"https:\/\/sotpost.com\/index.php?rest_route=\/wp\/v2\/pages\/2496\/revisions"}],"wp:attachment":[{"href":"https:\/\/sotpost.com\/index.php?rest_route=%2Fwp%2Fv2%2Fmedia&parent=2496"}],"curies":[{"name":"wp","href":"https:\/\/api.w.org\/{rel}","templated":true}]}}